{"id":370962,"date":"2026-02-04T16:27:16","date_gmt":"2026-02-04T16:27:16","guid":{"rendered":"https:\/\/marketingdigitalconseil.fr\/?page_id=370962"},"modified":"2026-03-13T13:52:17","modified_gmt":"2026-03-13T13:52:17","slug":"accueil","status":"publish","type":"page","link":"https:\/\/marketingdigitalconseil.fr\/","title":{"rendered":"Accueil_construction"},"content":{"rendered":"<p>[et_pb_section fb_built=\u00a0\u00bb1&Prime; custom_padding_last_edited=\u00a0\u00bbon|tablet\u00a0\u00bb admin_label=\u00a0\u00bbHeader\u00a0\u00bb _builder_version=\u00a0\u00bb4.27.5&Prime; _module_preset=\u00a0\u00bbdefault\u00a0\u00bb background_color=\u00a0\u00bb#eaeff2&Prime; background_enable_color=\u00a0\u00bboff\u00a0\u00bb background_image=\u00a0\u00bbhttp:\/\/marketingdigitalconseil.fr\/wp-content\/uploads\/2026\/02\/social-media-consultant-27-4.jpg\u00a0\u00bb background_position=\u00a0\u00bbbottom_center\u00a0\u00bb custom_margin=\u00a0\u00bb||-1px||false|false\u00a0\u00bb custom_padding=\u00a0\u00bb15vw||15vw||false|false\u00a0\u00bb custom_padding_tablet=\u00a0\u00bb100px||100px||true|false\u00a0\u00bb custom_padding_phone=\u00a0\u00bb80px||80px||true|false\u00a0\u00bb locked=\u00a0\u00bboff\u00a0\u00bb global_colors_info=\u00a0\u00bb{%22gcid-30453b96-dd74-4a60-afe6-7bbd8ca93a6b%22:%91%93}\u00a0\u00bb][et_pb_row column_structure=\u00a0\u00bb1_3,1_3,1_3&Prime; _builder_version=\u00a0\u00bb4.27.5&Prime; _module_preset=\u00a0\u00bbdefault\u00a0\u00bb custom_margin=\u00a0\u00bb0px||0px||true|false\u00a0\u00bb custom_padding=\u00a0\u00bb0px||0px||true|false\u00a0\u00bb border_radii=\u00a0\u00bbon|1px|1px|1px|1px\u00a0\u00bb global_colors_info=\u00a0\u00bb{}\u00a0\u00bb][et_pb_column type=\u00a0\u00bb1_3&Prime; _builder_version=\u00a0\u00bb4.16&Prime; _module_preset=\u00a0\u00bbdefault\u00a0\u00bb global_colors_info=\u00a0\u00bb{}\u00a0\u00bb][\/et_pb_column][et_pb_column type=\u00a0\u00bb1_3&Prime; _builder_version=\u00a0\u00bb4.16&Prime; _module_preset=\u00a0\u00bbdefault\u00a0\u00bb global_colors_info=\u00a0\u00bb{}\u00a0\u00bb][\/et_pb_column][et_pb_column type=\u00a0\u00bb1_3&Prime; _builder_version=\u00a0\u00bb4.16&Prime; _module_preset=\u00a0\u00bbdefault\u00a0\u00bb global_colors_info=\u00a0\u00bb{}\u00a0\u00bb][et_pb_image src=\u00a0\u00bbhttp:\/\/marketingdigitalconseil.fr\/wp-content\/uploads\/2026\/02\/LogoBanc_MarketingDigitalConseil_FondTransparent.png\u00a0\u00bb title_text=\u00a0\u00bbLogoBanc_MarketingDigitalConseil_FondTransparent\u00a0\u00bb _builder_version=\u00a0\u00bb4.27.5&Prime; _module_preset=\u00a0\u00bbdefault\u00a0\u00bb hover_enabled=\u00a0\u00bb0&Prime; global_colors_info=\u00a0\u00bb{}\u00a0\u00bb sticky_enabled=\u00a0\u00bb0&Prime;][\/et_pb_image][\/et_pb_column][\/et_pb_row][et_pb_row column_structure=\u00a0\u00bb3_5,2_5&Prime; _builder_version=\u00a0\u00bb4.16&Prime; _module_preset=\u00a0\u00bbdefault\u00a0\u00bb border_radii=\u00a0\u00bbon|1px|1px|1px|1px\u00a0\u00bb global_colors_info=\u00a0\u00bb{}\u00a0\u00bb][et_pb_column type=\u00a0\u00bb3_5&Prime; _builder_version=\u00a0\u00bb4.16&Prime; _module_preset=\u00a0\u00bbdefault\u00a0\u00bb global_colors_info=\u00a0\u00bb{}\u00a0\u00bb][et_pb_text _builder_version=\u00a0\u00bb4.27.5&Prime; _module_preset=\u00a0\u00bb5272019c-99d9-4e27-9232-9f96d210ee65&Prime; text_font=\u00a0\u00bb&#8211;et_global_body_font|700|||||||\u00a0\u00bb text_text_color=\u00a0\u00bb#2e2e2e\u00a0\u00bb header_font=\u00a0\u00bb||||||||\u00a0\u00bb header_text_color=\u00a0\u00bb#000000&Prime; header_font_size=\u00a0\u00bb72px\u00a0\u00bb header_line_height=\u00a0\u00bb1.2em\u00a0\u00bb header_4_font=\u00a0\u00bbInter|700|||||||\u00a0\u00bb header_4_text_color=\u00a0\u00bb#000000&Prime; header_4_font_size=\u00a0\u00bb16px\u00a0\u00bb header_4_line_height=\u00a0\u00bb1.2em\u00a0\u00bb background_color=\u00a0\u00bb#e8fc29&Prime; width=\u00a0\u00bb100%\u00a0\u00bb custom_margin=\u00a0\u00bb||30px||false|false\u00a0\u00bb custom_padding=\u00a0\u00bb10px|0px||10px|false|false\u00a0\u00bb header_font_size_tablet=\u00a0\u00bb40px\u00a0\u00bb header_font_size_phone=\u00a0\u00bb24px\u00a0\u00bb header_font_size_last_edited=\u00a0\u00bbon|tablet\u00a0\u00bb header_4_font_size_tablet=\u00a0\u00bb16px\u00a0\u00bb header_4_font_size_phone=\u00a0\u00bb14px\u00a0\u00bb header_4_font_size_last_edited=\u00a0\u00bbon|phone\u00a0\u00bb box_shadow_style=\u00a0\u00bbpreset4&Prime; box_shadow_horizontal=\u00a0\u00bb-20vw\u00a0\u00bb box_shadow_vertical=\u00a0\u00bb0px\u00a0\u00bb box_shadow_color=\u00a0\u00bb#ffef00&Prime; global_colors_info=\u00a0\u00bb{%22gcid-d9c09dce-be79-4616-8283-fcaa1d6f5cc3%22:%91%93,%22gcid-527fe037-9abf-4b3d-a579-3524dc14fbdb%22:%91%93}\u00a0\u00bb]<\/p>\n<h4>Partenaire strat\u00e9gique en marketing digital &amp; cr\u00e9ation web<\/h4>\n<p>[\/et_pb_text][et_pb_text _builder_version=\u00a0\u00bb4.27.5&Prime; _module_preset=\u00a0\u00bbb3e3ff14-5f5c-4608-8ecf-1885ce3da7aa\u00a0\u00bb header_font=\u00a0\u00bb&#8211;et_global_heading_font|700|||||||\u00a0\u00bb header_text_color=\u00a0\u00bb#2e2e2e\u00a0\u00bb header_font_size=\u00a0\u00bb60px\u00a0\u00bb header_line_height=\u00a0\u00bb1.1em\u00a0\u00bb custom_margin=\u00a0\u00bb||50px||false|false\u00a0\u00bb header_font_size_tablet=\u00a0\u00bb40px\u00a0\u00bb header_font_size_phone=\u00a0\u00bb24px\u00a0\u00bb header_font_size_last_edited=\u00a0\u00bbon|tablet\u00a0\u00bb global_colors_info=\u00a0\u00bb{%22gcid-d9c09dce-be79-4616-8283-fcaa1d6f5cc3%22:%91%93}\u00a0\u00bb]<\/p>\n<h1>Strat\u00e9gie de Marketing Digital &amp; Cr\u00e9ation de sites Internet<\/h1>\n<p>[\/et_pb_text][\/et_pb_column][et_pb_column type=\u00a0\u00bb2_5&Prime; _builder_version=\u00a0\u00bb4.16&Prime; _module_preset=\u00a0\u00bbdefault\u00a0\u00bb global_colors_info=\u00a0\u00bb{}\u00a0\u00bb][\/et_pb_column][\/et_pb_row][\/et_pb_section][et_pb_section fb_built=\u00a0\u00bb1&Prime; custom_padding_last_edited=\u00a0\u00bboff|phone\u00a0\u00bb admin_label=\u00a0\u00bbCTA\u00a0\u00bb _builder_version=\u00a0\u00bb4.16&Prime; _module_preset=\u00a0\u00bbdefault\u00a0\u00bb background_color=\u00a0\u00bb#eaeff2&Prime; custom_padding=\u00a0\u00bb0px||0px||true|false\u00a0\u00bb locked=\u00a0\u00bboff\u00a0\u00bb global_colors_info=\u00a0\u00bb{%22gcid-30453b96-dd74-4a60-afe6-7bbd8ca93a6b%22:%91%93}\u00a0\u00bb][et_pb_row column_structure=\u00a0\u00bb1_2,1_2&Prime; _builder_version=\u00a0\u00bb4.27.5&Prime; _module_preset=\u00a0\u00bbdefault\u00a0\u00bb custom_margin_tablet=\u00a0\u00bb12vw|auto||auto|false|false\u00a0\u00bb custom_margin_last_edited=\u00a0\u00bboff|desktop\u00a0\u00bb custom_padding=\u00a0\u00bb0px||||false|false\u00a0\u00bb locked=\u00a0\u00bboff\u00a0\u00bb global_colors_info=\u00a0\u00bb{}\u00a0\u00bb][et_pb_column type=\u00a0\u00bb1_2&Prime; _builder_version=\u00a0\u00bb4.16&Prime; _module_preset=\u00a0\u00bbdefault\u00a0\u00bb global_colors_info=\u00a0\u00bb{}\u00a0\u00bb][\/et_pb_column][et_pb_column type=\u00a0\u00bb1_2&Prime; _builder_version=\u00a0\u00bb4.16&Prime; _module_preset=\u00a0\u00bbdefault\u00a0\u00bb global_colors_info=\u00a0\u00bb{}\u00a0\u00bb][et_pb_text _builder_version=\u00a0\u00bb4.27.5&Prime; _module_preset=\u00a0\u00bbda86b6f0-f83c-4c7c-bdd8-3019777ddffe\u00a0\u00bb text_font=\u00a0\u00bbBe Vietnam Pro||||||||\u00a0\u00bb text_text_color=\u00a0\u00bb#2e2e2e\u00a0\u00bb text_font_size=\u00a0\u00bb18px\u00a0\u00bb text_line_height=\u00a0\u00bb1.8em\u00a0\u00bb header_text_color=\u00a0\u00bb#000000&Prime; custom_margin=\u00a0\u00bb||0px||false|false\u00a0\u00bb text_font_size_tablet=\u00a0\u00bb15px\u00a0\u00bb text_font_size_phone=\u00a0\u00bb14px\u00a0\u00bb text_font_size_last_edited=\u00a0\u00bbon|desktop\u00a0\u00bb global_colors_info=\u00a0\u00bb{%22gcid-d9c09dce-be79-4616-8283-fcaa1d6f5cc3%22:%91%93}\u00a0\u00bb]<\/p>\n<p>Nous prenons le temps de construire un site \u00e0 notre image : coh\u00e9rent, r\u00e9fl\u00e9chi et align\u00e9.<br \/>D&rsquo;ici l\u00e0, \u00e9changeons sur vos objectifs.<\/p>\n<p>[\/et_pb_text][et_pb_button button_url=\u00a0\u00bbhttps:\/\/calendly.com\/annabellefayard\/projet-digital\u00a0\u00bb button_text=\u00a0\u00bbPrendre RDV ici\u00a0\u00bb button_alignment=\u00a0\u00bbright\u00a0\u00bb _builder_version=\u00a0\u00bb4.27.5&Prime; _module_preset=\u00a0\u00bb81be4f5d-8cf3-407b-b427-b8e4cb79f062&Prime; custom_button=\u00a0\u00bbon\u00a0\u00bb button_text_size=\u00a0\u00bb16px\u00a0\u00bb button_text_color=\u00a0\u00bb#a58feb\u00a0\u00bb button_bg_color=\u00a0\u00bbRGBA(0,0,0,0)\u00a0\u00bb button_bg_image=\u00a0\u00bbhttp:\/\/marketingdigitalconseil.fr\/wp-content\/uploads\/2026\/02\/social-media-consultant-28.png\u00a0\u00bb button_bg_size=\u00a0\u00bbcontain\u00a0\u00bb button_bg_position=\u00a0\u00bbcenter_right\u00a0\u00bb button_border_width=\u00a0\u00bb0px\u00a0\u00bb button_border_color=\u00a0\u00bb#000000&Prime; button_border_radius=\u00a0\u00bb0px\u00a0\u00bb button_font=\u00a0\u00bb&#8211;et_global_heading_font|600|||||||\u00a0\u00bb button_icon=\u00a0\u00bb&#x24;||divi||400&Prime; button_on_hover=\u00a0\u00bboff\u00a0\u00bb custom_margin=\u00a0\u00bb0px||||false|false\u00a0\u00bb custom_padding=\u00a0\u00bb60px|70px|60px||true|false\u00a0\u00bb global_colors_info=\u00a0\u00bb{}\u00a0\u00bb button_text_color__hover_enabled=\u00a0\u00bboff|hover\u00a0\u00bb button_text_color__hover=\u00a0\u00bb#000000&Prime; custom_padding__hover_enabled=\u00a0\u00bbon|hover\u00a0\u00bb custom_padding__hover=\u00a0\u00bb|60px||10px|true|false\u00a0\u00bb][\/et_pb_button][\/et_pb_column][\/et_pb_row][\/et_pb_section]<\/p>\n","protected":false},"excerpt":{"rendered":"<p>Partenaire strat\u00e9gique en marketing digital &amp; cr\u00e9ation webStrat\u00e9gie de Marketing Digital &amp; Cr\u00e9ation de sites InternetNous prenons le temps de construire un site \u00e0 notre image : coh\u00e9rent, r\u00e9fl\u00e9chi et align\u00e9.D&rsquo;ici l\u00e0, \u00e9changeons sur vos objectifs.<\/p>\n","protected":false},"author":1,"featured_media":0,"parent":0,"menu_order":0,"comment_status":"closed","ping_status":"closed","template":"page-template-blank.php","meta":{"_et_pb_use_builder":"on","_et_pb_old_content":"","_et_gb_content_width":"","footnotes":""},"class_list":["post-370962","page","type-page","status-publish","hentry"],"yoast_head":"<!-- This site is optimized with the Yoast SEO plugin v27.3 - https:\/\/yoast.com\/product\/yoast-seo-wordpress\/ -->\n<title>Accueil_construction - Marketing Digital Conseil<\/title>\n<meta name=\"robots\" content=\"index, follow, max-snippet:-1, max-image-preview:large, max-video-preview:-1\" \/>\n<link rel=\"canonical\" href=\"https:\/\/marketingdigitalconseil.fr\/\" \/>\n<meta property=\"og:locale\" content=\"fr_FR\" \/>\n<meta property=\"og:type\" content=\"article\" \/>\n<meta property=\"og:title\" content=\"Accueil_construction - Marketing Digital Conseil\" \/>\n<meta property=\"og:description\" content=\"Partenaire strat\u00e9gique en marketing digital &amp; cr\u00e9ation webStrat\u00e9gie de Marketing Digital &amp; Cr\u00e9ation de sites InternetNous prenons le temps de construire un site \u00e0 notre image : coh\u00e9rent, r\u00e9fl\u00e9chi et align\u00e9.D&#039;ici l\u00e0, \u00e9changeons sur vos objectifs.\" \/>\n<meta property=\"og:url\" content=\"https:\/\/marketingdigitalconseil.fr\/\" \/>\n<meta property=\"og:site_name\" content=\"Marketing Digital Conseil\" \/>\n<meta property=\"article:modified_time\" content=\"2026-03-13T13:52:17+00:00\" \/>\n<meta name=\"twitter:card\" content=\"summary_large_image\" \/>\n<meta name=\"twitter:label1\" content=\"Dur\u00e9e de lecture estim\u00e9e\" \/>\n\t<meta name=\"twitter:data1\" content=\"4 minutes\" \/>\n<script type=\"application\/ld+json\" class=\"yoast-schema-graph\">{\"@context\":\"https:\\\/\\\/schema.org\",\"@graph\":[{\"@type\":\"WebPage\",\"@id\":\"https:\\\/\\\/marketingdigitalconseil.fr\\\/\",\"url\":\"https:\\\/\\\/marketingdigitalconseil.fr\\\/\",\"name\":\"Accueil_construction - Marketing Digital Conseil\",\"isPartOf\":{\"@id\":\"http:\\\/\\\/marketingdigitalconseil.fr\\\/#website\"},\"datePublished\":\"2026-02-04T16:27:16+00:00\",\"dateModified\":\"2026-03-13T13:52:17+00:00\",\"breadcrumb\":{\"@id\":\"https:\\\/\\\/marketingdigitalconseil.fr\\\/#breadcrumb\"},\"inLanguage\":\"fr-FR\",\"potentialAction\":[{\"@type\":\"ReadAction\",\"target\":[\"https:\\\/\\\/marketingdigitalconseil.fr\\\/\"]}]},{\"@type\":\"BreadcrumbList\",\"@id\":\"https:\\\/\\\/marketingdigitalconseil.fr\\\/#breadcrumb\",\"itemListElement\":[{\"@type\":\"ListItem\",\"position\":1,\"name\":\"Accueil\",\"item\":\"https:\\\/\\\/marketingdigitalconseil.fr\\\/\"},{\"@type\":\"ListItem\",\"position\":2,\"name\":\"Accueil_construction\"}]},{\"@type\":\"WebSite\",\"@id\":\"http:\\\/\\\/marketingdigitalconseil.fr\\\/#website\",\"url\":\"http:\\\/\\\/marketingdigitalconseil.fr\\\/\",\"name\":\"Marketing Digital Conseil\",\"description\":\"Strat\u00e9gie digitale, sites performants, identit\u00e9 align\u00e9e\",\"publisher\":{\"@id\":\"http:\\\/\\\/marketingdigitalconseil.fr\\\/#organization\"},\"potentialAction\":[{\"@type\":\"SearchAction\",\"target\":{\"@type\":\"EntryPoint\",\"urlTemplate\":\"http:\\\/\\\/marketingdigitalconseil.fr\\\/?s={search_term_string}\"},\"query-input\":{\"@type\":\"PropertyValueSpecification\",\"valueRequired\":true,\"valueName\":\"search_term_string\"}}],\"inLanguage\":\"fr-FR\"},{\"@type\":\"Organization\",\"@id\":\"http:\\\/\\\/marketingdigitalconseil.fr\\\/#organization\",\"name\":\"Marketing Digital Conseil\",\"url\":\"http:\\\/\\\/marketingdigitalconseil.fr\\\/\",\"logo\":{\"@type\":\"ImageObject\",\"inLanguage\":\"fr-FR\",\"@id\":\"http:\\\/\\\/marketingdigitalconseil.fr\\\/#\\\/schema\\\/logo\\\/image\\\/\",\"url\":\"http:\\\/\\\/marketingdigitalconseil.fr\\\/wp-content\\\/uploads\\\/2026\\\/02\\\/LogoBanc_MarketingDigitalConseil.png\",\"contentUrl\":\"http:\\\/\\\/marketingdigitalconseil.fr\\\/wp-content\\\/uploads\\\/2026\\\/02\\\/LogoBanc_MarketingDigitalConseil.png\",\"width\":500,\"height\":500,\"caption\":\"Marketing Digital Conseil\"},\"image\":{\"@id\":\"http:\\\/\\\/marketingdigitalconseil.fr\\\/#\\\/schema\\\/logo\\\/image\\\/\"}}]}<\/script>\n<!-- \/ Yoast SEO plugin. -->","yoast_head_json":{"title":"Accueil_construction - Marketing Digital Conseil","robots":{"index":"index","follow":"follow","max-snippet":"max-snippet:-1","max-image-preview":"max-image-preview:large","max-video-preview":"max-video-preview:-1"},"canonical":"https:\/\/marketingdigitalconseil.fr\/","og_locale":"fr_FR","og_type":"article","og_title":"Accueil_construction - Marketing Digital Conseil","og_description":"Partenaire strat\u00e9gique en marketing digital &amp; cr\u00e9ation webStrat\u00e9gie de Marketing Digital &amp; Cr\u00e9ation de sites InternetNous prenons le temps de construire un site \u00e0 notre image : coh\u00e9rent, r\u00e9fl\u00e9chi et align\u00e9.D'ici l\u00e0, \u00e9changeons sur vos objectifs.","og_url":"https:\/\/marketingdigitalconseil.fr\/","og_site_name":"Marketing Digital Conseil","article_modified_time":"2026-03-13T13:52:17+00:00","twitter_card":"summary_large_image","twitter_misc":{"Dur\u00e9e de lecture estim\u00e9e":"4 minutes"},"schema":{"@context":"https:\/\/schema.org","@graph":[{"@type":"WebPage","@id":"https:\/\/marketingdigitalconseil.fr\/","url":"https:\/\/marketingdigitalconseil.fr\/","name":"Accueil_construction - Marketing Digital Conseil","isPartOf":{"@id":"http:\/\/marketingdigitalconseil.fr\/#website"},"datePublished":"2026-02-04T16:27:16+00:00","dateModified":"2026-03-13T13:52:17+00:00","breadcrumb":{"@id":"https:\/\/marketingdigitalconseil.fr\/#breadcrumb"},"inLanguage":"fr-FR","potentialAction":[{"@type":"ReadAction","target":["https:\/\/marketingdigitalconseil.fr\/"]}]},{"@type":"BreadcrumbList","@id":"https:\/\/marketingdigitalconseil.fr\/#breadcrumb","itemListElement":[{"@type":"ListItem","position":1,"name":"Accueil","item":"https:\/\/marketingdigitalconseil.fr\/"},{"@type":"ListItem","position":2,"name":"Accueil_construction"}]},{"@type":"WebSite","@id":"http:\/\/marketingdigitalconseil.fr\/#website","url":"http:\/\/marketingdigitalconseil.fr\/","name":"Marketing Digital Conseil","description":"Strat\u00e9gie digitale, sites performants, identit\u00e9 align\u00e9e","publisher":{"@id":"http:\/\/marketingdigitalconseil.fr\/#organization"},"potentialAction":[{"@type":"SearchAction","target":{"@type":"EntryPoint","urlTemplate":"http:\/\/marketingdigitalconseil.fr\/?s={search_term_string}"},"query-input":{"@type":"PropertyValueSpecification","valueRequired":true,"valueName":"search_term_string"}}],"inLanguage":"fr-FR"},{"@type":"Organization","@id":"http:\/\/marketingdigitalconseil.fr\/#organization","name":"Marketing Digital Conseil","url":"http:\/\/marketingdigitalconseil.fr\/","logo":{"@type":"ImageObject","inLanguage":"fr-FR","@id":"http:\/\/marketingdigitalconseil.fr\/#\/schema\/logo\/image\/","url":"http:\/\/marketingdigitalconseil.fr\/wp-content\/uploads\/2026\/02\/LogoBanc_MarketingDigitalConseil.png","contentUrl":"http:\/\/marketingdigitalconseil.fr\/wp-content\/uploads\/2026\/02\/LogoBanc_MarketingDigitalConseil.png","width":500,"height":500,"caption":"Marketing Digital Conseil"},"image":{"@id":"http:\/\/marketingdigitalconseil.fr\/#\/schema\/logo\/image\/"}}]}},"_links":{"self":[{"href":"https:\/\/marketingdigitalconseil.fr\/index.php\/wp-json\/wp\/v2\/pages\/370962","targetHints":{"allow":["GET"]}}],"collection":[{"href":"https:\/\/marketingdigitalconseil.fr\/index.php\/wp-json\/wp\/v2\/pages"}],"about":[{"href":"https:\/\/marketingdigitalconseil.fr\/index.php\/wp-json\/wp\/v2\/types\/page"}],"author":[{"embeddable":true,"href":"https:\/\/marketingdigitalconseil.fr\/index.php\/wp-json\/wp\/v2\/users\/1"}],"replies":[{"embeddable":true,"href":"https:\/\/marketingdigitalconseil.fr\/index.php\/wp-json\/wp\/v2\/comments?post=370962"}],"version-history":[{"count":19,"href":"https:\/\/marketingdigitalconseil.fr\/index.php\/wp-json\/wp\/v2\/pages\/370962\/revisions"}],"predecessor-version":[{"id":371796,"href":"https:\/\/marketingdigitalconseil.fr\/index.php\/wp-json\/wp\/v2\/pages\/370962\/revisions\/371796"}],"wp:attachment":[{"href":"https:\/\/marketingdigitalconseil.fr\/index.php\/wp-json\/wp\/v2\/media?parent=370962"}],"curies":[{"name":"wp","href":"https:\/\/api.w.org\/{rel}","templated":true}]}}